{"id":249,"date":"2021-09-27T10:13:45","date_gmt":"2021-09-27T10:13:45","guid":{"rendered":"http:\/\/rozwadowska.pl\/szaraeminencja\/?page_id=249"},"modified":"2023-10-01T13:01:49","modified_gmt":"2023-10-01T13:01:49","slug":"miot-d3","status":"publish","type":"page","link":"https:\/\/rozwadowska.pl\/szaraeminencja\/index.php\/miot-d3\/","title":{"rendered":"MIOT D3"},"content":{"rendered":"\n<p>Miot D3 przyszed\u0142 na \u015bwiat 21.06.2021 r. Rodzicami s\u0105: Madame i Yason.<\/p>\n\n\n\n<figure class=\"wp-block-gallery columns-2 is-cropped wp-block-gallery-1 is-layout-flex wp-block-gallery-is-layout-flex\"><ul class=\"blocks-gallery-grid\"><li class=\"blocks-gallery-item\"><figure><img decoding=\"async\" loading=\"lazy\" width=\"768\" height=\"768\" src=\"http:\/\/rozwadowska.pl\/szaraeminencja\/wp-content\/uploads\/2021\/09\/13116438_978923672214833_6279389271982578546_o-1.jpg\" alt=\"\" data-id=\"263\" data-full-url=\"http:\/\/rozwadowska.pl\/szaraeminencja\/wp-content\/uploads\/2021\/09\/13116438_978923672214833_6279389271982578546_o-1.jpg\" data-link=\"http:\/\/rozwadowska.pl\/szaraeminencja\/index.php\/miot-d3\/13116438_978923672214833_6279389271982578546_o-1\/\" class=\"wp-image-263\" srcset=\"https:\/\/rozwadowska.pl\/szaraeminencja\/wp-content\/uploads\/2021\/09\/13116438_978923672214833_6279389271982578546_o-1.jpg 768w, https:\/\/rozwadowska.pl\/szaraeminencja\/wp-content\/uploads\/2021\/09\/13116438_978923672214833_6279389271982578546_o-1-300x300.jpg 300w, https:\/\/rozwadowska.pl\/szaraeminencja\/wp-content\/uploads\/2021\/09\/13116438_978923672214833_6279389271982578546_o-1-150x150.jpg 150w, https:\/\/rozwadowska.pl\/szaraeminencja\/wp-content\/uploads\/2021\/09\/13116438_978923672214833_6279389271982578546_o-1-620x620.jpg 620w, https:\/\/rozwadowska.pl\/szaraeminencja\/wp-content\/uploads\/2021\/09\/13116438_978923672214833_6279389271982578546_o-1-600x600.jpg 600w, https:\/\/rozwadowska.pl\/szaraeminencja\/wp-content\/uploads\/2021\/09\/13116438_978923672214833_6279389271982578546_o-1-400x400.jpg 400w\" sizes=\"(max-width: 768px) 100vw, 768px\" \/><\/figure><\/li><li class=\"blocks-gallery-item\"><figure><img decoding=\"async\" loading=\"lazy\" width=\"1024\" height=\"1024\" src=\"http:\/\/rozwadowska.pl\/szaraeminencja\/wp-content\/uploads\/2021\/09\/m-1024x1024-2-1024x1024.jpg\" alt=\"\" data-id=\"264\" data-full-url=\"http:\/\/rozwadowska.pl\/szaraeminencja\/wp-content\/uploads\/2021\/09\/m-1024x1024-2.jpg\" data-link=\"http:\/\/rozwadowska.pl\/szaraeminencja\/index.php\/miot-d3\/m-1024x1024-2\/\" class=\"wp-image-264\" srcset=\"https:\/\/rozwadowska.pl\/szaraeminencja\/wp-content\/uploads\/2021\/09\/m-1024x1024-2.jpg 1024w, https:\/\/rozwadowska.pl\/szaraeminencja\/wp-content\/uploads\/2021\/09\/m-1024x1024-2-300x300.jpg 300w, https:\/\/rozwadowska.pl\/szaraeminencja\/wp-content\/uploads\/2021\/09\/m-1024x1024-2-150x150.jpg 150w, https:\/\/rozwadowska.pl\/szaraeminencja\/wp-content\/uploads\/2021\/09\/m-1024x1024-2-768x768.jpg 768w, https:\/\/rozwadowska.pl\/szaraeminencja\/wp-content\/uploads\/2021\/09\/m-1024x1024-2-620x620.jpg 620w, https:\/\/rozwadowska.pl\/szaraeminencja\/wp-content\/uploads\/2021\/09\/m-1024x1024-2-1000x1000.jpg 1000w, https:\/\/rozwadowska.pl\/szaraeminencja\/wp-content\/uploads\/2021\/09\/m-1024x1024-2-600x600.jpg 600w, https:\/\/rozwadowska.pl\/szaraeminencja\/wp-content\/uploads\/2021\/09\/m-1024x1024-2-400x400.jpg 400w\" sizes=\"(max-width: 1024px) 100vw, 1024px\" \/><\/figure><\/li><\/ul><\/figure>\n\n\n\n<p>Urodzi\u0142y si\u0119 w nim 2 kocurki i koteczka.<\/p>\n\n\n\n<p>Rezerwacje:<\/p>\n\n\n\n<p>Dzidzia &#8211; zamieszka u Ewy w  Warszawie w hodowli Ewjatar*PL<\/p>\n\n\n\n<p>Dziab\u0105g &#8211; zamieszka z Pani\u0105 Ag\u0105 i jej rodzin\u0105 we Wroc\u0142awiu<\/p>\n\n\n\n<p>Dzie\u0107 &#8211; zamieszka u Asi w Obrowie pod Toruniem<\/p>\n","protected":false},"excerpt":{"rendered":"<p>Miot D3 przyszed\u0142 na \u015bwiat 21.06.2021 r. Rodzicami s\u0105: Madame i Yason. Urodzi\u0142y si\u0119 w nim 2 kocurki i koteczka. Rezerwacje: Dzidzia &#8211; zamieszka u Ewy w Warszawie w hodowli&hellip;<a href=\"https:\/\/rozwadowska.pl\/szaraeminencja\/index.php\/miot-d3\/\" class=\"more-link\"><span class=\"more-button\">Continue reading<span class=\"screen-reader-text\">MIOT D3<\/span><\/span><\/a><\/p>\n","protected":false},"author":1,"featured_media":0,"parent":0,"menu_order":0,"comment_status":"closed","ping_status":"closed","template":"","meta":{"footnotes":""},"_links":{"self":[{"href":"https:\/\/rozwadowska.pl\/szaraeminencja\/index.php\/wp-json\/wp\/v2\/pages\/249"}],"collection":[{"href":"https:\/\/rozwadowska.pl\/szaraeminencja\/index.php\/wp-json\/wp\/v2\/pages"}],"about":[{"href":"https:\/\/rozwadowska.pl\/szaraeminencja\/index.php\/wp-json\/wp\/v2\/types\/page"}],"author":[{"embeddable":true,"href":"https:\/\/rozwadowska.pl\/szaraeminencja\/index.php\/wp-json\/wp\/v2\/users\/1"}],"replies":[{"embeddable":true,"href":"https:\/\/rozwadowska.pl\/szaraeminencja\/index.php\/wp-json\/wp\/v2\/comments?post=249"}],"version-history":[{"count":3,"href":"https:\/\/rozwadowska.pl\/szaraeminencja\/index.php\/wp-json\/wp\/v2\/pages\/249\/revisions"}],"predecessor-version":[{"id":332,"href":"https:\/\/rozwadowska.pl\/szaraeminencja\/index.php\/wp-json\/wp\/v2\/pages\/249\/revisions\/332"}],"wp:attachment":[{"href":"https:\/\/rozwadowska.pl\/szaraeminencja\/index.php\/wp-json\/wp\/v2\/media?parent=249"}],"curies":[{"name":"wp","href":"https:\/\/api.w.org\/{rel}","templated":true}]}}