{"id":11,"date":"2021-04-06T21:48:11","date_gmt":"2021-04-06T21:48:11","guid":{"rendered":"http:\/\/rozwadowska.pl\/szaraeminencja\/?page_id=11"},"modified":"2023-10-01T13:11:18","modified_gmt":"2023-10-01T13:11:18","slug":"hodowla","status":"publish","type":"page","link":"https:\/\/rozwadowska.pl\/szaraeminencja\/index.php\/hodowla\/","title":{"rendered":"Hodowla"},"content":{"rendered":"\n<p><\/p>\n\n\n\n<h2 class=\"wp-block-heading\"><\/h2>\n\n\n\n<figure class=\"wp-block-gallery alignleft columns-1 is-cropped wp-block-gallery-1 is-layout-flex wp-block-gallery-is-layout-flex\"><ul class=\"blocks-gallery-grid\"><li class=\"blocks-gallery-item\"><figure><img decoding=\"async\" loading=\"lazy\" width=\"1024\" height=\"683\" src=\"http:\/\/rozwadowska.pl\/szaraeminencja\/wp-content\/uploads\/2021\/07\/DSC_2682-1-1024x683.jpg\" alt=\"\" data-id=\"231\" data-full-url=\"http:\/\/rozwadowska.pl\/szaraeminencja\/wp-content\/uploads\/2021\/07\/DSC_2682-1-scaled.jpg\" data-link=\"http:\/\/rozwadowska.pl\/szaraeminencja\/index.php\/hodowla\/dsc_2682-1\/\" class=\"wp-image-231\" srcset=\"https:\/\/rozwadowska.pl\/szaraeminencja\/wp-content\/uploads\/2021\/07\/DSC_2682-1-1024x683.jpg 1024w, https:\/\/rozwadowska.pl\/szaraeminencja\/wp-content\/uploads\/2021\/07\/DSC_2682-1-300x200.jpg 300w, https:\/\/rozwadowska.pl\/szaraeminencja\/wp-content\/uploads\/2021\/07\/DSC_2682-1-768x512.jpg 768w, https:\/\/rozwadowska.pl\/szaraeminencja\/wp-content\/uploads\/2021\/07\/DSC_2682-1-1536x1024.jpg 1536w, https:\/\/rozwadowska.pl\/szaraeminencja\/wp-content\/uploads\/2021\/07\/DSC_2682-1-2048x1365.jpg 2048w, https:\/\/rozwadowska.pl\/szaraeminencja\/wp-content\/uploads\/2021\/07\/DSC_2682-1-825x550.jpg 825w, https:\/\/rozwadowska.pl\/szaraeminencja\/wp-content\/uploads\/2021\/07\/DSC_2682-1-1500x1000.jpg 1500w, https:\/\/rozwadowska.pl\/szaraeminencja\/wp-content\/uploads\/2021\/07\/DSC_2682-1-600x400.jpg 600w, https:\/\/rozwadowska.pl\/szaraeminencja\/wp-content\/uploads\/2021\/07\/DSC_2682-1-400x267.jpg 400w\" sizes=\"(max-width: 1024px) 100vw, 1024px\" \/><\/figure><\/li><\/ul><\/figure>\n\n\n\n<p class=\"has-text-align-left\">Szara Eminencja*PL jest wroc\u0142awsk\u0105 hodowl\u0105 kot\u00f3w rosyjskich niebieskich prowadzon\u0105 w warunkach domowych. Nasze koty s\u0105 przede wszystkim cz\u0142onkami rodziny, tym samym s\u0105 doskonale zsocjalizowane, przyjazne i \u0142agodne. Zar\u00f3wno rezydencji, jak i koci\u0119ta mieszkaj\u0105 z nami i naszymi dzie\u0107mi.<\/p>\n\n\n\n<p>Szara Eminencja*PL jest cz\u0142onkiem Og\u00f3lnopolskiego Klubu Kot\u00f3w i Kociarzy&nbsp;<a href=\"http:\/\/www.szaraeminencja.com.pl\/www.noproblem.org.pl\">NO PROBLEM<\/a> (w kt\u00f3rego Zarz\u0105dzie zasiadam). OKKIK NO PROLRM jest zrzeszony w Polskiej Federacji Felinologicznej&nbsp;<a href=\"http:\/\/www.felispolonia.eu\/\">Felis Polonia<\/a>. FPL jest polskim cz\u0142onkiem&nbsp;<a href=\"http:\/\/fifeweb.org\/\">FIFe<\/a>&nbsp;\u2013 najwi\u0119kszej na \u015bwiecie Mi\u0119dzynarodowej Federacji Felinologicznej. FIFe jest cz\u0142onkiem&nbsp;<a href=\"https:\/\/www.worldcatcongress.org\/\">World Cat Congress<\/a>&nbsp;(WCC)\u2013 mi\u0119dzynarodowej konfederacji, zrzeszaj\u0105cej dziewi\u0119\u0107 najwi\u0119kszych na \u015bwiecie federacji hodowc\u00f3w i mi\u0142o\u015bnik\u00f3w kot\u00f3w, obok WCF, TICA, CFA, ACF, CCC of A, NZCF, SACC oraz GCCF.<\/p>\n\n\n\n<p>Nazwa hodowli pojawi\u0142a si\u0119 naturalnie i od razu by\u0142a oczywista, poniewa\u017c nasuwa jednoznaczne skojarzenia.<br>Po pierwsze \u2013 &#8220;szara&#8221; \u2013 jak niepozorno\u015b\u0107 naszych podopiecznych.<br>Po drugie \u2013 &#8220;eminencja&#8221; \u2013 podkre\u015bla arystokratyczne pochodzenie kot\u00f3w rasy rosyjskiej niebieskiej &#8211; od dawna koty te go\u015bci\u0142y na dworach, m.in. monarch\u00f3w: El\u017cbiety I, Miko\u0142aja II, jak r\u00f3wnie\u017c od XVII w. na polskich dworach ksi\u0105\u017c\u0119cych; dwie kotki tej rasy w papieskich apartamentach Watykanu hodowa\u0142 r\u00f3wnie\u017c papie\u017c Jan Pawe\u0142 II.<br>Po trzecie wreszcie, &#8220;szara eminencja&#8221;, jako zwi\u0105zek dw\u00f3ch wyraz\u00f3w, wywodz\u0105cy si\u0119 od zausznika kard. Richelieu, ojca Josepha \u2013 mnicha, (przez kt\u00f3rego szary habit zwano w\u0142a\u015bnie &#8220;szar\u0105 eminencj\u0105&#8221;), b\u0119d\u0105cego w istocie doradc\u0105 i agentem Richelieu, oznacza osob\u0119 maj\u0105c\u0105 wp\u0142yw na wa\u017cne decyzje i kieruj\u0105ca czym\u015b z ukrycia &#8211; co bior\u0105c pod uwag\u0119 koci charakter, wydaje si\u0119 bardzo trafne.<\/p>\n\n\n\n<figure class=\"wp-block-gallery alignright columns-1 is-cropped wp-block-gallery-3 is-layout-flex wp-block-gallery-is-layout-flex\"><ul class=\"blocks-gallery-grid\"><li class=\"blocks-gallery-item\"><figure><img decoding=\"async\" loading=\"lazy\" width=\"627\" height=\"289\" src=\"http:\/\/rozwadowska.pl\/szaraeminencja\/wp-content\/uploads\/2021\/04\/certyfikat.png\" alt=\"\" data-id=\"85\" data-full-url=\"http:\/\/rozwadowska.pl\/szaraeminencja\/wp-content\/uploads\/2021\/04\/certyfikat.png\" data-link=\"http:\/\/rozwadowska.pl\/szaraeminencja\/index.php\/hodowla\/certyfikat\/\" class=\"wp-image-85\" srcset=\"https:\/\/rozwadowska.pl\/szaraeminencja\/wp-content\/uploads\/2021\/04\/certyfikat.png 627w, https:\/\/rozwadowska.pl\/szaraeminencja\/wp-content\/uploads\/2021\/04\/certyfikat-300x138.png 300w\" sizes=\"(max-width: 627px) 100vw, 627px\" \/><\/figure><\/li><\/ul><\/figure>\n\n\n\n<p>Pomys\u0142 za\u0142o\u017cenia hodowli zrodzi\u0142 si\u0119 jaki\u015b czas temu. Uda\u0142o si\u0119 go sfinalizowa\u0107, rejestruj\u0105c ko\u0144cem 2011 r. hodowl\u0119 i uzyskuj\u0105c przydomek hodowlany \u2013 przymioty legalnej hodowli zrzeszonej w WCC.<\/p>\n\n\n\n<p>Obecnie w hodowli znajduje si\u0119 siedem kot\u00f3w rasy rosyjskiej niebieskiej: kotki &#8211; Madame Szara Eminencja*PL, Kida, Nida i Rey Szare Eminencje*PL oraz kocury &#8211; Koda i Misha Szare Eminencje*PL; rosn\u0105 z nadziej\u0105 na karier\u0119 hodowlan\u0105 Fortuna i Fundusz Szare Eminencja*PL. Mieszka z nami tak\u017ce kastrat IC Car Rosa Felina*CZ.<br>Amika B\u0142\u0119kitna Ferajna*PL, Petra Szara Eminencja*PL i Yason Yasno Solnyshko*RU (kastraty) mieszkaj\u0105 z moj\u0105 mam\u0105 na sta\u0142e. Astra Glitterus*PL (c\u00f3rka Amiki) zamieszka\u0142a we Wroc\u0142awiu u naszego przyjaciela &#8211; Sylwka. Diva Szara Eminencja*PL (wnuczka Amiki i c\u00f3rka Astry, mieszka u Ani w Warszawie); Jafa Szara Eminencja*PL (c\u00f3rka Amiki i siostra Astry i Petry) &#8211; u Wojtka w Gda\u0144sku, Regalrussian Yasmina zamieszka\u0142a u Agnieszki pod Krakowem.<\/p>\n\n\n\n<figure class=\"wp-block-gallery alignleft columns-1 is-cropped wp-block-gallery-5 is-layout-flex wp-block-gallery-is-layout-flex\"><ul class=\"blocks-gallery-grid\"><li class=\"blocks-gallery-item\"><figure><img decoding=\"async\" loading=\"lazy\" width=\"1024\" height=\"683\" src=\"http:\/\/rozwadowska.pl\/szaraeminencja\/wp-content\/uploads\/2021\/07\/DSC_2435-1-1024x683.jpg\" alt=\"\" data-id=\"233\" data-full-url=\"http:\/\/rozwadowska.pl\/szaraeminencja\/wp-content\/uploads\/2021\/07\/DSC_2435-1-scaled.jpg\" data-link=\"http:\/\/rozwadowska.pl\/szaraeminencja\/index.php\/hodowla\/dsc_2435-1\/\" class=\"wp-image-233\" srcset=\"https:\/\/rozwadowska.pl\/szaraeminencja\/wp-content\/uploads\/2021\/07\/DSC_2435-1-1024x683.jpg 1024w, https:\/\/rozwadowska.pl\/szaraeminencja\/wp-content\/uploads\/2021\/07\/DSC_2435-1-300x200.jpg 300w, https:\/\/rozwadowska.pl\/szaraeminencja\/wp-content\/uploads\/2021\/07\/DSC_2435-1-768x512.jpg 768w, https:\/\/rozwadowska.pl\/szaraeminencja\/wp-content\/uploads\/2021\/07\/DSC_2435-1-1536x1024.jpg 1536w, https:\/\/rozwadowska.pl\/szaraeminencja\/wp-content\/uploads\/2021\/07\/DSC_2435-1-2048x1365.jpg 2048w, https:\/\/rozwadowska.pl\/szaraeminencja\/wp-content\/uploads\/2021\/07\/DSC_2435-1-825x550.jpg 825w, https:\/\/rozwadowska.pl\/szaraeminencja\/wp-content\/uploads\/2021\/07\/DSC_2435-1-1500x1000.jpg 1500w, https:\/\/rozwadowska.pl\/szaraeminencja\/wp-content\/uploads\/2021\/07\/DSC_2435-1-600x400.jpg 600w, https:\/\/rozwadowska.pl\/szaraeminencja\/wp-content\/uploads\/2021\/07\/DSC_2435-1-400x267.jpg 400w\" sizes=\"(max-width: 1024px) 100vw, 1024px\" \/><\/figure><\/li><\/ul><\/figure>\n\n\n\n<p><\/p>\n\n\n\n<p><\/p>\n\n\n\n<p>Celem Szarej Eminencji*PL jest hodowla kot\u00f3w rosyjskich niebieskich o najlepszych cechach rasy: o pi\u0119knym srebrz\u0105cym si\u0119 podw\u00f3jnym futrze, niebieskim kolorze sk\u00f3ry i lawendowych poduszkach \u0142ap, szmaragdowych oczach w kszta\u0142cie migda\u0142\u00f3w, pe\u0142nej wdzi\u0119ku sylwetce i dostojnym sposobie poruszania a przede wszystkim wspania\u0142ym charakterze i pe\u0142nym \u0142agodno\u015bci usposobieniu, przy niskim inbreedzie, w starym typie.<\/p>\n\n\n\n<p><\/p>\n\n\n\n<div class=\"wp-block-image\"><figure class=\"alignright size-large\"><img decoding=\"async\" loading=\"lazy\" width=\"270\" height=\"218\" src=\"http:\/\/rozwadowska.pl\/szaraeminencja\/wp-content\/uploads\/2021\/04\/rozety2.png\" alt=\"\" class=\"wp-image-86\"\/><\/figure><\/div>\n\n\n\n<p>Hodowla jest wolna od FeLV i FIV. Rezydenci oraz koci\u0119ta s\u0105 regularnie odrobaczane i szczepione przeciwko chorobom zaka\u017anym. <\/p>\n\n\n\n<p>Wszystkie koty pozostaj\u0105 pod czujnym okiem i sta\u0142\u0105 opiek\u0105 dra M. Noczy\u0144skiego z wroc\u0142awskiej przychodni weterynaryjnej&nbsp;<a href=\"https:\/\/www.przychodnianovet.pl\/\">NOVET<\/a>.<\/p>\n\n\n\n<p>W latach 2015-2017 uko\u0144czy\u0142am trzy poziomy kurs\u00f3w PawPeds dla hodowc\u00f3w kot\u00f3w rasowych (G1-G3). <\/p>\n\n\n\n<p>Od 2016 roku jestem&nbsp;<a href=\"https:\/\/pawpeds.com\/pawacademy\/courses\/\">liderem<\/a>&nbsp;kurs\u00f3w PawPeds.<\/p>\n\n\n\n<figure class=\"wp-block-gallery alignleft columns-1 is-cropped wp-block-gallery-7 is-layout-flex wp-block-gallery-is-layout-flex\"><ul class=\"blocks-gallery-grid\"><li class=\"blocks-gallery-item\"><figure><img decoding=\"async\" loading=\"lazy\" width=\"221\" height=\"273\" src=\"http:\/\/rozwadowska.pl\/szaraeminencja\/wp-content\/uploads\/2021\/04\/COAPE.png\" alt=\"\" data-id=\"87\" data-full-url=\"http:\/\/rozwadowska.pl\/szaraeminencja\/wp-content\/uploads\/2021\/04\/COAPE.png\" data-link=\"http:\/\/rozwadowska.pl\/szaraeminencja\/index.php\/hodowla\/coape\/\" class=\"wp-image-87\"\/><\/figure><\/li><\/ul><\/figure>\n\n\n\n<p><\/p>\n\n\n\n<p><\/p>\n\n\n\n<p><\/p>\n\n\n\n<p><\/p>\n\n\n\n<p class=\"has-text-align-left\">Jako dyplomowany i czynny zawodowo&nbsp;<a href=\"http:\/\/rozwadowska.pl\/uszydogory\/\">behawiorysta<\/a>&nbsp;zwierz\u0105t towarzysz\u0105cych na licencji&nbsp;<a href=\"https:\/\/coape.pl\/\">COAPE<\/a>&nbsp;oraz cz\u0142onek Stowarzyszenia Behawioryst\u00f3w i Trener\u00f3w COAPE (odpowiednik brytyjskiego CAPBT) dbam o dobrostan zwierz\u0105t na najwy\u017cszym poziomie a wszystkie koty opuszczaj\u0105ce hodowl\u0119 pozostaj\u0105 pod moj\u0105 bezp\u0142atn\u0105 i do\u017cywotni\u0105 opiek\u0105 behawioraln\u0105.<\/p>\n\n\n\n<figure class=\"wp-block-gallery alignright columns-1 is-cropped wp-block-gallery-9 is-layout-flex wp-block-gallery-is-layout-flex\"><ul class=\"blocks-gallery-grid\"><li class=\"blocks-gallery-item\"><figure><img decoding=\"async\" loading=\"lazy\" width=\"718\" height=\"1024\" src=\"http:\/\/rozwadowska.pl\/szaraeminencja\/wp-content\/uploads\/2021\/07\/1okladka-718x1024.jpg\" alt=\"\" data-id=\"237\" data-full-url=\"http:\/\/rozwadowska.pl\/szaraeminencja\/wp-content\/uploads\/2021\/07\/1okladka.jpg\" data-link=\"http:\/\/rozwadowska.pl\/szaraeminencja\/index.php\/hodowla\/1okladka\/\" class=\"wp-image-237\" srcset=\"https:\/\/rozwadowska.pl\/szaraeminencja\/wp-content\/uploads\/2021\/07\/1okladka-718x1024.jpg 718w, https:\/\/rozwadowska.pl\/szaraeminencja\/wp-content\/uploads\/2021\/07\/1okladka-210x300.jpg 210w, https:\/\/rozwadowska.pl\/szaraeminencja\/wp-content\/uploads\/2021\/07\/1okladka-768x1095.jpg 768w, https:\/\/rozwadowska.pl\/szaraeminencja\/wp-content\/uploads\/2021\/07\/1okladka-1077x1536.jpg 1077w, https:\/\/rozwadowska.pl\/szaraeminencja\/wp-content\/uploads\/2021\/07\/1okladka-1436x2048.jpg 1436w, https:\/\/rozwadowska.pl\/szaraeminencja\/wp-content\/uploads\/2021\/07\/1okladka-435x620.jpg 435w, https:\/\/rozwadowska.pl\/szaraeminencja\/wp-content\/uploads\/2021\/07\/1okladka-701x1000.jpg 701w, https:\/\/rozwadowska.pl\/szaraeminencja\/wp-content\/uploads\/2021\/07\/1okladka-456x650.jpg 456w, https:\/\/rozwadowska.pl\/szaraeminencja\/wp-content\/uploads\/2021\/07\/1okladka-316x450.jpg 316w, https:\/\/rozwadowska.pl\/szaraeminencja\/wp-content\/uploads\/2021\/07\/1okladka.jpg 1790w\" sizes=\"(max-width: 718px) 100vw, 718px\" \/><\/figure><\/li><\/ul><\/figure>\n\n\n\n<p>W czerwcu 2021 roku wyda\u0142am <a rel=\"noreferrer noopener\" href=\"https:\/\/rozwadowska.pl\/uszydogory\/product\/jak-i-dlaczego-kupic-kota-rasowego\/\" data-type=\"URL\" data-id=\"https:\/\/rozwadowska.pl\/uszydogory\/product\/jak-i-dlaczego-kupic-kota-rasowego\/\" target=\"_blank\">ksi\u0105\u017ck\u0119<\/a> pt. <br>&#8220;Jak i dlaczego kupi\u0107 kota rasowego? Poradnik przysz\u0142ego opiekuna.&#8221; pod patronatem medialnym: <a rel=\"noreferrer noopener\" href=\"http:\/\/ufp.org.pl\/\" data-type=\"URL\" data-id=\"http:\/\/ufp.org.pl\/\" target=\"_blank\">Unii Felinologii Polskiej<\/a>, <a rel=\"noreferrer noopener\" href=\"https:\/\/coape.pl\/\" data-type=\"URL\" data-id=\"https:\/\/coape.pl\/\" target=\"_blank\">COAPE<\/a>, <a rel=\"noreferrer noopener\" href=\"https:\/\/behawioryscicoape.pl\/stowarzyszenie\" data-type=\"URL\" data-id=\"https:\/\/behawioryscicoape.pl\/stowarzyszenie\" target=\"_blank\">SBiT COAPE<\/a>, <a rel=\"noreferrer noopener\" href=\"https:\/\/www.facebook.com\/Miesi%C4%99cznik-Kocie-Sprawy-160375044007858\/\" data-type=\"URL\" data-id=\"https:\/\/www.facebook.com\/Miesi%C4%99cznik-Kocie-Sprawy-160375044007858\/\" target=\"_blank\">Kocich Spraw<\/a> i <a rel=\"noreferrer noopener\" href=\"https:\/\/educatsja-pl4.webnode.com\/\" data-type=\"URL\" data-id=\"https:\/\/educatsja-pl4.webnode.com\/\" target=\"_blank\">Educatsji<\/a>. W tytule tym proponuj\u0119 autorski system pozwalaj\u0105cy ka\u017cdemu potencjalnemu opiekunowi na wyb\u00f3r najlepszego dla niego kota z rodowodem. Podpowiadam, jak robi\u0107 to \u015bwiadomie i bezpiecznie, przy uwzgl\u0119dnieniu subiektywnie najwa\u017cniejszych walor\u00f3w rasowego mruczka. Do tej wsp\u00f3\u0142pracy zaprosi\u0142am blisko 20 hodowc\u00f3w, kt\u00f3rzy zechcieli podj\u0105\u0107 ze mn\u0105 ten temat i opowiedzie\u0107 o swoich pi\u0119knych kotach oraz je pokaza\u0107.  <\/p>\n\n\n\n<p><\/p>\n","protected":false},"excerpt":{"rendered":"<p>Szara Eminencja*PL jest wroc\u0142awsk\u0105 hodowl\u0105 kot\u00f3w rosyjskich niebieskich prowadzon\u0105 w warunkach domowych. Nasze koty s\u0105 przede wszystkim cz\u0142onkami rodziny, tym samym s\u0105 doskonale zsocjalizowane, przyjazne i \u0142agodne. Zar\u00f3wno rezydencji, jak&hellip;<a href=\"https:\/\/rozwadowska.pl\/szaraeminencja\/index.php\/hodowla\/\" class=\"more-link\"><span class=\"more-button\">Continue reading<span class=\"screen-reader-text\">Hodowla<\/span><\/span><\/a><\/p>\n","protected":false},"author":1,"featured_media":0,"parent":0,"menu_order":0,"comment_status":"closed","ping_status":"closed","template":"","meta":{"footnotes":""},"_links":{"self":[{"href":"https:\/\/rozwadowska.pl\/szaraeminencja\/index.php\/wp-json\/wp\/v2\/pages\/11"}],"collection":[{"href":"https:\/\/rozwadowska.pl\/szaraeminencja\/index.php\/wp-json\/wp\/v2\/pages"}],"about":[{"href":"https:\/\/rozwadowska.pl\/szaraeminencja\/index.php\/wp-json\/wp\/v2\/types\/page"}],"author":[{"embeddable":true,"href":"https:\/\/rozwadowska.pl\/szaraeminencja\/index.php\/wp-json\/wp\/v2\/users\/1"}],"replies":[{"embeddable":true,"href":"https:\/\/rozwadowska.pl\/szaraeminencja\/index.php\/wp-json\/wp\/v2\/comments?post=11"}],"version-history":[{"count":26,"href":"https:\/\/rozwadowska.pl\/szaraeminencja\/index.php\/wp-json\/wp\/v2\/pages\/11\/revisions"}],"predecessor-version":[{"id":530,"href":"https:\/\/rozwadowska.pl\/szaraeminencja\/index.php\/wp-json\/wp\/v2\/pages\/11\/revisions\/530"}],"wp:attachment":[{"href":"https:\/\/rozwadowska.pl\/szaraeminencja\/index.php\/wp-json\/wp\/v2\/media?parent=11"}],"curies":[{"name":"wp","href":"https:\/\/api.w.org\/{rel}","templated":true}]}}