{"id":512,"date":"2023-08-17T06:26:38","date_gmt":"2023-08-17T06:26:38","guid":{"rendered":"http:\/\/rozwadowska.pl\/szaraeminencja\/?page_id=512"},"modified":"2023-08-17T06:45:34","modified_gmt":"2023-08-17T06:45:34","slug":"miot-p","status":"publish","type":"page","link":"http:\/\/rozwadowska.pl\/szaraeminencja\/index.php\/miot-p\/","title":{"rendered":"Miot P3"},"content":{"rendered":"\n<p>26.06.2023 r. przyszed\u0142 na \u015bwiat miot P3 a w nim 3 koci\u0119ta: 1 koteczka i 2 kocurki. Rodzicami zostali:<\/p>\n\n\n\n<figure class=\"wp-block-gallery columns-2 is-cropped wp-block-gallery-1 is-layout-flex wp-block-gallery-is-layout-flex\"><ul class=\"blocks-gallery-grid\"><li class=\"blocks-gallery-item\"><figure><img decoding=\"async\" loading=\"lazy\" width=\"1024\" height=\"1024\" src=\"http:\/\/rozwadowska.pl\/szaraeminencja\/wp-content\/uploads\/2022\/01\/Fortuka-1024x1024.jpg\" alt=\"\" data-id=\"325\" data-full-url=\"http:\/\/rozwadowska.pl\/szaraeminencja\/wp-content\/uploads\/2022\/01\/Fortuka-scaled.jpg\" data-link=\"http:\/\/rozwadowska.pl\/szaraeminencja\/?attachment_id=325\" class=\"wp-image-325\" srcset=\"http:\/\/rozwadowska.pl\/szaraeminencja\/wp-content\/uploads\/2022\/01\/Fortuka-1024x1024.jpg 1024w, http:\/\/rozwadowska.pl\/szaraeminencja\/wp-content\/uploads\/2022\/01\/Fortuka-300x300.jpg 300w, http:\/\/rozwadowska.pl\/szaraeminencja\/wp-content\/uploads\/2022\/01\/Fortuka-150x150.jpg 150w, http:\/\/rozwadowska.pl\/szaraeminencja\/wp-content\/uploads\/2022\/01\/Fortuka-768x768.jpg 768w, http:\/\/rozwadowska.pl\/szaraeminencja\/wp-content\/uploads\/2022\/01\/Fortuka-1536x1536.jpg 1536w, http:\/\/rozwadowska.pl\/szaraeminencja\/wp-content\/uploads\/2022\/01\/Fortuka-2048x2048.jpg 2048w, http:\/\/rozwadowska.pl\/szaraeminencja\/wp-content\/uploads\/2022\/01\/Fortuka-620x620.jpg 620w, http:\/\/rozwadowska.pl\/szaraeminencja\/wp-content\/uploads\/2022\/01\/Fortuka-1000x1000.jpg 1000w, http:\/\/rozwadowska.pl\/szaraeminencja\/wp-content\/uploads\/2022\/01\/Fortuka-600x600.jpg 600w, http:\/\/rozwadowska.pl\/szaraeminencja\/wp-content\/uploads\/2022\/01\/Fortuka-400x400.jpg 400w\" sizes=\"(max-width: 1024px) 100vw, 1024px\" \/><figcaption class=\"blocks-gallery-item__caption\">Fortuna Szara Eminencja*PL<\/figcaption><\/figure><\/li><li class=\"blocks-gallery-item\"><figure><img decoding=\"async\" loading=\"lazy\" width=\"1024\" height=\"1024\" src=\"http:\/\/rozwadowska.pl\/szaraeminencja\/wp-content\/uploads\/2023\/08\/20230322_152658-1-scaled-e1692248289800-1024x1024.jpg\" alt=\"\" data-id=\"503\" data-full-url=\"http:\/\/rozwadowska.pl\/szaraeminencja\/wp-content\/uploads\/2023\/08\/20230322_152658-1-scaled-e1692248289800.jpg\" data-link=\"http:\/\/rozwadowska.pl\/szaraeminencja\/index.php\/kocury\/20230322_152658-2\/\" class=\"wp-image-503\" srcset=\"http:\/\/rozwadowska.pl\/szaraeminencja\/wp-content\/uploads\/2023\/08\/20230322_152658-1-scaled-e1692248289800-1024x1024.jpg 1024w, http:\/\/rozwadowska.pl\/szaraeminencja\/wp-content\/uploads\/2023\/08\/20230322_152658-1-scaled-e1692248289800-300x300.jpg 300w, http:\/\/rozwadowska.pl\/szaraeminencja\/wp-content\/uploads\/2023\/08\/20230322_152658-1-scaled-e1692248289800-150x150.jpg 150w, http:\/\/rozwadowska.pl\/szaraeminencja\/wp-content\/uploads\/2023\/08\/20230322_152658-1-scaled-e1692248289800-768x768.jpg 768w, http:\/\/rozwadowska.pl\/szaraeminencja\/wp-content\/uploads\/2023\/08\/20230322_152658-1-scaled-e1692248289800-620x620.jpg 620w, http:\/\/rozwadowska.pl\/szaraeminencja\/wp-content\/uploads\/2023\/08\/20230322_152658-1-scaled-e1692248289800-1000x1000.jpg 1000w, http:\/\/rozwadowska.pl\/szaraeminencja\/wp-content\/uploads\/2023\/08\/20230322_152658-1-scaled-e1692248289800-600x600.jpg 600w, http:\/\/rozwadowska.pl\/szaraeminencja\/wp-content\/uploads\/2023\/08\/20230322_152658-1-scaled-e1692248289800-400x400.jpg 400w, http:\/\/rozwadowska.pl\/szaraeminencja\/wp-content\/uploads\/2023\/08\/20230322_152658-1-scaled-e1692248289800.jpg 1100w\" sizes=\"(max-width: 1024px) 100vw, 1024px\" \/><figcaption class=\"blocks-gallery-item__caption\">Heros Szara Eminencja*PL<\/figcaption><\/figure><\/li><\/ul><\/figure>\n\n\n\n<p>Rezerwacje:<\/p>\n\n\n\n<p>kotka &#8211; obserwacja hodowlana<\/p>\n\n\n\n<p>kocurek &#8211; wolny<\/p>\n\n\n\n<p>kocurek &#8211; wolny<\/p>\n","protected":false},"excerpt":{"rendered":"<p>26.06.2023 r. przyszed\u0142 na \u015bwiat miot P3 a w nim 3 koci\u0119ta: 1 koteczka i 2 kocurki. Rodzicami zostali: Rezerwacje: kotka &#8211; obserwacja hodowlana kocurek &#8211; wolny kocurek &#8211; wolny<\/p>\n","protected":false},"author":1,"featured_media":0,"parent":0,"menu_order":0,"comment_status":"closed","ping_status":"closed","template":"","meta":{"footnotes":""},"_links":{"self":[{"href":"http:\/\/rozwadowska.pl\/szaraeminencja\/index.php\/wp-json\/wp\/v2\/pages\/512"}],"collection":[{"href":"http:\/\/rozwadowska.pl\/szaraeminencja\/index.php\/wp-json\/wp\/v2\/pages"}],"about":[{"href":"http:\/\/rozwadowska.pl\/szaraeminencja\/index.php\/wp-json\/wp\/v2\/types\/page"}],"author":[{"embeddable":true,"href":"http:\/\/rozwadowska.pl\/szaraeminencja\/index.php\/wp-json\/wp\/v2\/users\/1"}],"replies":[{"embeddable":true,"href":"http:\/\/rozwadowska.pl\/szaraeminencja\/index.php\/wp-json\/wp\/v2\/comments?post=512"}],"version-history":[{"count":2,"href":"http:\/\/rozwadowska.pl\/szaraeminencja\/index.php\/wp-json\/wp\/v2\/pages\/512\/revisions"}],"predecessor-version":[{"id":523,"href":"http:\/\/rozwadowska.pl\/szaraeminencja\/index.php\/wp-json\/wp\/v2\/pages\/512\/revisions\/523"}],"wp:attachment":[{"href":"http:\/\/rozwadowska.pl\/szaraeminencja\/index.php\/wp-json\/wp\/v2\/media?parent=512"}],"curies":[{"name":"wp","href":"https:\/\/api.w.org\/{rel}","templated":true}]}}