{"id":337,"date":"2022-02-14T08:04:29","date_gmt":"2022-02-14T08:04:29","guid":{"rendered":"http:\/\/rozwadowska.pl\/szaraeminencja\/?page_id=337"},"modified":"2022-06-28T09:28:00","modified_gmt":"2022-06-28T09:28:00","slug":"miot-h","status":"publish","type":"page","link":"http:\/\/rozwadowska.pl\/szaraeminencja\/index.php\/miot-h\/","title":{"rendered":"MIOT H3"},"content":{"rendered":"\n<p>18 marca 2022 przyszed\u0142 na \u015bwiat miot H3, a w nim 1 ch\u0142opiec. Rodzicami s\u0105: <\/p>\n\n\n\n<figure class=\"wp-block-gallery columns-2 is-cropped wp-block-gallery-1 is-layout-flex wp-block-gallery-is-layout-flex\"><ul class=\"blocks-gallery-grid\"><li class=\"blocks-gallery-item\"><figure><img decoding=\"async\" loading=\"lazy\" width=\"1024\" height=\"1024\" src=\"http:\/\/rozwadowska.pl\/szaraeminencja\/wp-content\/uploads\/2021\/07\/Gostija-strona-1024x1024.jpg\" alt=\"\" data-id=\"240\" data-full-url=\"http:\/\/rozwadowska.pl\/szaraeminencja\/wp-content\/uploads\/2021\/07\/Gostija-strona.jpg\" data-link=\"http:\/\/rozwadowska.pl\/szaraeminencja\/index.php\/kotki\/gostija-strona\/\" class=\"wp-image-240\" srcset=\"http:\/\/rozwadowska.pl\/szaraeminencja\/wp-content\/uploads\/2021\/07\/Gostija-strona-1024x1024.jpg 1024w, http:\/\/rozwadowska.pl\/szaraeminencja\/wp-content\/uploads\/2021\/07\/Gostija-strona-300x300.jpg 300w, http:\/\/rozwadowska.pl\/szaraeminencja\/wp-content\/uploads\/2021\/07\/Gostija-strona-150x150.jpg 150w, http:\/\/rozwadowska.pl\/szaraeminencja\/wp-content\/uploads\/2021\/07\/Gostija-strona-768x768.jpg 768w, http:\/\/rozwadowska.pl\/szaraeminencja\/wp-content\/uploads\/2021\/07\/Gostija-strona-1536x1536.jpg 1536w, http:\/\/rozwadowska.pl\/szaraeminencja\/wp-content\/uploads\/2021\/07\/Gostija-strona-2048x2048.jpg 2048w, http:\/\/rozwadowska.pl\/szaraeminencja\/wp-content\/uploads\/2021\/07\/Gostija-strona-620x620.jpg 620w, http:\/\/rozwadowska.pl\/szaraeminencja\/wp-content\/uploads\/2021\/07\/Gostija-strona-1000x1000.jpg 1000w, http:\/\/rozwadowska.pl\/szaraeminencja\/wp-content\/uploads\/2021\/07\/Gostija-strona-600x600.jpg 600w, http:\/\/rozwadowska.pl\/szaraeminencja\/wp-content\/uploads\/2021\/07\/Gostija-strona-400x400.jpg 400w\" sizes=\"(max-width: 1024px) 100vw, 1024px\" \/><figcaption class=\"blocks-gallery-item__caption\">Gostija Patacotta Trozayar<\/figcaption><\/figure><\/li><li class=\"blocks-gallery-item\"><figure><img decoding=\"async\" loading=\"lazy\" width=\"1024\" height=\"1024\" src=\"http:\/\/rozwadowska.pl\/szaraeminencja\/wp-content\/uploads\/2021\/09\/Koda-1024x1024-1-1024x1024.jpg\" alt=\"\" data-id=\"266\" data-full-url=\"http:\/\/rozwadowska.pl\/szaraeminencja\/wp-content\/uploads\/2021\/09\/Koda-1024x1024-1.jpg\" data-link=\"http:\/\/rozwadowska.pl\/szaraeminencja\/index.php\/miot-e3\/koda-1024x1024-1\/\" class=\"wp-image-266\" srcset=\"http:\/\/rozwadowska.pl\/szaraeminencja\/wp-content\/uploads\/2021\/09\/Koda-1024x1024-1.jpg 1024w, http:\/\/rozwadowska.pl\/szaraeminencja\/wp-content\/uploads\/2021\/09\/Koda-1024x1024-1-300x300.jpg 300w, http:\/\/rozwadowska.pl\/szaraeminencja\/wp-content\/uploads\/2021\/09\/Koda-1024x1024-1-150x150.jpg 150w, http:\/\/rozwadowska.pl\/szaraeminencja\/wp-content\/uploads\/2021\/09\/Koda-1024x1024-1-768x768.jpg 768w, http:\/\/rozwadowska.pl\/szaraeminencja\/wp-content\/uploads\/2021\/09\/Koda-1024x1024-1-620x620.jpg 620w, http:\/\/rozwadowska.pl\/szaraeminencja\/wp-content\/uploads\/2021\/09\/Koda-1024x1024-1-1000x1000.jpg 1000w, http:\/\/rozwadowska.pl\/szaraeminencja\/wp-content\/uploads\/2021\/09\/Koda-1024x1024-1-600x600.jpg 600w, http:\/\/rozwadowska.pl\/szaraeminencja\/wp-content\/uploads\/2021\/09\/Koda-1024x1024-1-400x400.jpg 400w\" sizes=\"(max-width: 1024px) 100vw, 1024px\" \/><figcaption class=\"blocks-gallery-item__caption\">Koda Szara Eminencja*PL<\/figcaption><\/figure><\/li><\/ul><\/figure>\n\n\n\n\n\n<p>Heros zostaje w hodowli!<\/p>\n\n\n\n<p><\/p>\n\n\n\n<figure class=\"wp-block-image size-large\"><img decoding=\"async\" loading=\"lazy\" width=\"1024\" height=\"1024\" src=\"http:\/\/rozwadowska.pl\/szaraeminencja\/wp-content\/uploads\/2022\/03\/20220329_122704-1024x1024.jpg\" alt=\"\" class=\"wp-image-364\" srcset=\"http:\/\/rozwadowska.pl\/szaraeminencja\/wp-content\/uploads\/2022\/03\/20220329_122704-1024x1024.jpg 1024w, http:\/\/rozwadowska.pl\/szaraeminencja\/wp-content\/uploads\/2022\/03\/20220329_122704-300x300.jpg 300w, http:\/\/rozwadowska.pl\/szaraeminencja\/wp-content\/uploads\/2022\/03\/20220329_122704-150x150.jpg 150w, http:\/\/rozwadowska.pl\/szaraeminencja\/wp-content\/uploads\/2022\/03\/20220329_122704-768x768.jpg 768w, http:\/\/rozwadowska.pl\/szaraeminencja\/wp-content\/uploads\/2022\/03\/20220329_122704-1536x1536.jpg 1536w, http:\/\/rozwadowska.pl\/szaraeminencja\/wp-content\/uploads\/2022\/03\/20220329_122704-620x620.jpg 620w, http:\/\/rozwadowska.pl\/szaraeminencja\/wp-content\/uploads\/2022\/03\/20220329_122704-1000x1000.jpg 1000w, http:\/\/rozwadowska.pl\/szaraeminencja\/wp-content\/uploads\/2022\/03\/20220329_122704-600x600.jpg 600w, http:\/\/rozwadowska.pl\/szaraeminencja\/wp-content\/uploads\/2022\/03\/20220329_122704-400x400.jpg 400w, http:\/\/rozwadowska.pl\/szaraeminencja\/wp-content\/uploads\/2022\/03\/20220329_122704.jpg 2031w\" sizes=\"(max-width: 1024px) 100vw, 1024px\" \/><figcaption>Heros Szara Eminencja*PL<\/figcaption><\/figure>\n\n\n\n<p><\/p>\n\n\n\n<p><\/p>\n\n\n\n<p><\/p>\n","protected":false},"excerpt":{"rendered":"<p>18 marca 2022 przyszed\u0142 na \u015bwiat miot H3, a w nim 1 ch\u0142opiec. Rodzicami s\u0105: Heros zostaje w hodowli!<\/p>\n","protected":false},"author":1,"featured_media":0,"parent":0,"menu_order":0,"comment_status":"closed","ping_status":"closed","template":"","meta":{"footnotes":""},"_links":{"self":[{"href":"http:\/\/rozwadowska.pl\/szaraeminencja\/index.php\/wp-json\/wp\/v2\/pages\/337"}],"collection":[{"href":"http:\/\/rozwadowska.pl\/szaraeminencja\/index.php\/wp-json\/wp\/v2\/pages"}],"about":[{"href":"http:\/\/rozwadowska.pl\/szaraeminencja\/index.php\/wp-json\/wp\/v2\/types\/page"}],"author":[{"embeddable":true,"href":"http:\/\/rozwadowska.pl\/szaraeminencja\/index.php\/wp-json\/wp\/v2\/users\/1"}],"replies":[{"embeddable":true,"href":"http:\/\/rozwadowska.pl\/szaraeminencja\/index.php\/wp-json\/wp\/v2\/comments?post=337"}],"version-history":[{"count":6,"href":"http:\/\/rozwadowska.pl\/szaraeminencja\/index.php\/wp-json\/wp\/v2\/pages\/337\/revisions"}],"predecessor-version":[{"id":410,"href":"http:\/\/rozwadowska.pl\/szaraeminencja\/index.php\/wp-json\/wp\/v2\/pages\/337\/revisions\/410"}],"wp:attachment":[{"href":"http:\/\/rozwadowska.pl\/szaraeminencja\/index.php\/wp-json\/wp\/v2\/media?parent=337"}],"curies":[{"name":"wp","href":"https:\/\/api.w.org\/{rel}","templated":true}]}}