{"id":300,"date":"2021-12-28T11:58:26","date_gmt":"2021-12-28T11:58:26","guid":{"rendered":"http:\/\/rozwadowska.pl\/szaraeminencja\/?page_id=300"},"modified":"2021-12-28T12:13:03","modified_gmt":"2021-12-28T12:13:03","slug":"miot-f3-3","status":"publish","type":"page","link":"http:\/\/rozwadowska.pl\/szaraeminencja\/index.php\/miot-f3-3\/","title":{"rendered":"MIOT F3"},"content":{"rendered":"\n<p>21.07.2021 r. na \u015bwiat przyszed\u0142 miot F3 z po\u0142\u0105czenia naszych Rezydent\u00f3w: Yasminy i Yasona.  <\/p>\n\n\n\n<figure class=\"wp-block-gallery columns-2 is-cropped wp-block-gallery-1 is-layout-flex wp-block-gallery-is-layout-flex\"><ul class=\"blocks-gallery-grid\"><li class=\"blocks-gallery-item\"><figure><img decoding=\"async\" loading=\"lazy\" width=\"768\" height=\"768\" src=\"http:\/\/rozwadowska.pl\/szaraeminencja\/wp-content\/uploads\/2021\/09\/13116438_978923672214833_6279389271982578546_o-2.jpg\" alt=\"\" data-id=\"270\" data-full-url=\"http:\/\/rozwadowska.pl\/szaraeminencja\/wp-content\/uploads\/2021\/09\/13116438_978923672214833_6279389271982578546_o-2.jpg\" data-link=\"http:\/\/rozwadowska.pl\/szaraeminencja\/index.php\/miot-f3\/13116438_978923672214833_6279389271982578546_o-2-2\/\" class=\"wp-image-270\" srcset=\"http:\/\/rozwadowska.pl\/szaraeminencja\/wp-content\/uploads\/2021\/09\/13116438_978923672214833_6279389271982578546_o-2.jpg 768w, http:\/\/rozwadowska.pl\/szaraeminencja\/wp-content\/uploads\/2021\/09\/13116438_978923672214833_6279389271982578546_o-2-300x300.jpg 300w, http:\/\/rozwadowska.pl\/szaraeminencja\/wp-content\/uploads\/2021\/09\/13116438_978923672214833_6279389271982578546_o-2-150x150.jpg 150w, http:\/\/rozwadowska.pl\/szaraeminencja\/wp-content\/uploads\/2021\/09\/13116438_978923672214833_6279389271982578546_o-2-620x620.jpg 620w, http:\/\/rozwadowska.pl\/szaraeminencja\/wp-content\/uploads\/2021\/09\/13116438_978923672214833_6279389271982578546_o-2-600x600.jpg 600w, http:\/\/rozwadowska.pl\/szaraeminencja\/wp-content\/uploads\/2021\/09\/13116438_978923672214833_6279389271982578546_o-2-400x400.jpg 400w\" sizes=\"(max-width: 768px) 100vw, 768px\" \/><\/figure><\/li><li class=\"blocks-gallery-item\"><figure><img decoding=\"async\" loading=\"lazy\" width=\"483\" height=\"593\" src=\"http:\/\/rozwadowska.pl\/szaraeminencja\/wp-content\/uploads\/2021\/09\/koty-strona-www.jpg\" alt=\"\" data-id=\"271\" data-full-url=\"http:\/\/rozwadowska.pl\/szaraeminencja\/wp-content\/uploads\/2021\/09\/koty-strona-www.jpg\" data-link=\"http:\/\/rozwadowska.pl\/szaraeminencja\/index.php\/miot-f3\/koty-strona-www\/\" class=\"wp-image-271\" srcset=\"http:\/\/rozwadowska.pl\/szaraeminencja\/wp-content\/uploads\/2021\/09\/koty-strona-www.jpg 483w, http:\/\/rozwadowska.pl\/szaraeminencja\/wp-content\/uploads\/2021\/09\/koty-strona-www-244x300.jpg 244w, http:\/\/rozwadowska.pl\/szaraeminencja\/wp-content\/uploads\/2021\/09\/koty-strona-www-367x450.jpg 367w\" sizes=\"(max-width: 483px) 100vw, 483px\" \/><\/figure><\/li><\/ul><\/figure>\n\n\n\n<p>Dzieci tej pary &#8211; Fortuna i Fundusz zostaj\u0105 w hodowli!<\/p>\n","protected":false},"excerpt":{"rendered":"<p>21.07.2021 r. na \u015bwiat przyszed\u0142 miot F3 z po\u0142\u0105czenia naszych Rezydent\u00f3w: Yasminy i Yasona. Dzieci tej pary &#8211; Fortuna i Fundusz zostaj\u0105 w hodowli!<\/p>\n","protected":false},"author":1,"featured_media":0,"parent":0,"menu_order":0,"comment_status":"closed","ping_status":"closed","template":"","meta":{"footnotes":""},"_links":{"self":[{"href":"http:\/\/rozwadowska.pl\/szaraeminencja\/index.php\/wp-json\/wp\/v2\/pages\/300"}],"collection":[{"href":"http:\/\/rozwadowska.pl\/szaraeminencja\/index.php\/wp-json\/wp\/v2\/pages"}],"about":[{"href":"http:\/\/rozwadowska.pl\/szaraeminencja\/index.php\/wp-json\/wp\/v2\/types\/page"}],"author":[{"embeddable":true,"href":"http:\/\/rozwadowska.pl\/szaraeminencja\/index.php\/wp-json\/wp\/v2\/users\/1"}],"replies":[{"embeddable":true,"href":"http:\/\/rozwadowska.pl\/szaraeminencja\/index.php\/wp-json\/wp\/v2\/comments?post=300"}],"version-history":[{"count":2,"href":"http:\/\/rozwadowska.pl\/szaraeminencja\/index.php\/wp-json\/wp\/v2\/pages\/300\/revisions"}],"predecessor-version":[{"id":311,"href":"http:\/\/rozwadowska.pl\/szaraeminencja\/index.php\/wp-json\/wp\/v2\/pages\/300\/revisions\/311"}],"wp:attachment":[{"href":"http:\/\/rozwadowska.pl\/szaraeminencja\/index.php\/wp-json\/wp\/v2\/media?parent=300"}],"curies":[{"name":"wp","href":"https:\/\/api.w.org\/{rel}","templated":true}]}}