{"id":253,"date":"2021-09-27T10:14:35","date_gmt":"2021-09-27T10:14:35","guid":{"rendered":"http:\/\/rozwadowska.pl\/szaraeminencja\/?page_id=253"},"modified":"2022-02-10T07:32:14","modified_gmt":"2022-02-10T07:32:14","slug":"miot-f3","status":"publish","type":"page","link":"http:\/\/rozwadowska.pl\/szaraeminencja\/index.php\/miot-f3\/","title":{"rendered":"MIOT G3"},"content":{"rendered":"\n<p>24.12.2021 r. przyszed\u0142 na \u015bwiat miot G3. Rodzicami s\u0105 Rey i Koda. <\/p>\n\n\n\n<figure class=\"wp-block-gallery columns-2 is-cropped wp-block-gallery-1 is-layout-flex wp-block-gallery-is-layout-flex\"><ul class=\"blocks-gallery-grid\"><li class=\"blocks-gallery-item\"><figure><img decoding=\"async\" loading=\"lazy\" width=\"1024\" height=\"1024\" src=\"http:\/\/rozwadowska.pl\/szaraeminencja\/wp-content\/uploads\/2021\/12\/Koda-1024x1024-1-1024x1024.jpg\" alt=\"\" data-id=\"289\" data-full-url=\"http:\/\/rozwadowska.pl\/szaraeminencja\/wp-content\/uploads\/2021\/12\/Koda-1024x1024-1.jpg\" data-link=\"http:\/\/rozwadowska.pl\/szaraeminencja\/index.php\/miot-f3\/koda-1024x1024-1-2\/\" class=\"wp-image-289\" srcset=\"http:\/\/rozwadowska.pl\/szaraeminencja\/wp-content\/uploads\/2021\/12\/Koda-1024x1024-1.jpg 1024w, http:\/\/rozwadowska.pl\/szaraeminencja\/wp-content\/uploads\/2021\/12\/Koda-1024x1024-1-300x300.jpg 300w, http:\/\/rozwadowska.pl\/szaraeminencja\/wp-content\/uploads\/2021\/12\/Koda-1024x1024-1-150x150.jpg 150w, http:\/\/rozwadowska.pl\/szaraeminencja\/wp-content\/uploads\/2021\/12\/Koda-1024x1024-1-768x768.jpg 768w, http:\/\/rozwadowska.pl\/szaraeminencja\/wp-content\/uploads\/2021\/12\/Koda-1024x1024-1-620x620.jpg 620w, http:\/\/rozwadowska.pl\/szaraeminencja\/wp-content\/uploads\/2021\/12\/Koda-1024x1024-1-1000x1000.jpg 1000w, http:\/\/rozwadowska.pl\/szaraeminencja\/wp-content\/uploads\/2021\/12\/Koda-1024x1024-1-600x600.jpg 600w, http:\/\/rozwadowska.pl\/szaraeminencja\/wp-content\/uploads\/2021\/12\/Koda-1024x1024-1-400x400.jpg 400w\" sizes=\"(max-width: 1024px) 100vw, 1024px\" \/><\/figure><\/li><li class=\"blocks-gallery-item\"><figure><img decoding=\"async\" loading=\"lazy\" width=\"880\" height=\"1024\" src=\"http:\/\/rozwadowska.pl\/szaraeminencja\/wp-content\/uploads\/2021\/12\/rey-880x1024-1.jpg\" alt=\"\" data-id=\"290\" data-full-url=\"http:\/\/rozwadowska.pl\/szaraeminencja\/wp-content\/uploads\/2021\/12\/rey-880x1024-1.jpg\" data-link=\"http:\/\/rozwadowska.pl\/szaraeminencja\/index.php\/miot-f3\/rey-880x1024-1-2\/\" class=\"wp-image-290\" srcset=\"http:\/\/rozwadowska.pl\/szaraeminencja\/wp-content\/uploads\/2021\/12\/rey-880x1024-1.jpg 880w, http:\/\/rozwadowska.pl\/szaraeminencja\/wp-content\/uploads\/2021\/12\/rey-880x1024-1-258x300.jpg 258w, http:\/\/rozwadowska.pl\/szaraeminencja\/wp-content\/uploads\/2021\/12\/rey-880x1024-1-768x894.jpg 768w, http:\/\/rozwadowska.pl\/szaraeminencja\/wp-content\/uploads\/2021\/12\/rey-880x1024-1-533x620.jpg 533w, http:\/\/rozwadowska.pl\/szaraeminencja\/wp-content\/uploads\/2021\/12\/rey-880x1024-1-859x1000.jpg 859w, http:\/\/rozwadowska.pl\/szaraeminencja\/wp-content\/uploads\/2021\/12\/rey-880x1024-1-559x650.jpg 559w, http:\/\/rozwadowska.pl\/szaraeminencja\/wp-content\/uploads\/2021\/12\/rey-880x1024-1-387x450.jpg 387w\" sizes=\"(max-width: 880px) 100vw, 880px\" \/><\/figure><\/li><\/ul><\/figure>\n\n\n\n<p>W miocie G3 urodzi\u0142y si\u0119 3 kocurki (zielony, niebieski i \u017c\u00f3\u0142ty):<\/p>\n\n\n\n<p>kocurek &#8211; zarezerwowany dla Pana Tomka<\/p>\n\n\n\n<p>kocurek &#8211; zarezerwowany dla Pauliny i Krzysztofa<\/p>\n\n\n\n<p>kocurek &#8211; zarezerwowany dla Pana Micha\u0142a<\/p>\n\n\n\n<figure class=\"wp-block-gallery columns-3 is-cropped wp-block-gallery-3 is-layout-flex wp-block-gallery-is-layout-flex\"><ul class=\"blocks-gallery-grid\"><li class=\"blocks-gallery-item\"><figure><img decoding=\"async\" loading=\"lazy\" width=\"476\" height=\"476\" src=\"http:\/\/rozwadowska.pl\/szaraeminencja\/wp-content\/uploads\/2021\/12\/niebieski.jpg\" alt=\"\" data-id=\"292\" data-full-url=\"http:\/\/rozwadowska.pl\/szaraeminencja\/wp-content\/uploads\/2021\/12\/niebieski.jpg\" data-link=\"http:\/\/rozwadowska.pl\/szaraeminencja\/index.php\/miot-f3\/niebieski\/\" class=\"wp-image-292\" srcset=\"http:\/\/rozwadowska.pl\/szaraeminencja\/wp-content\/uploads\/2021\/12\/niebieski.jpg 476w, http:\/\/rozwadowska.pl\/szaraeminencja\/wp-content\/uploads\/2021\/12\/niebieski-300x300.jpg 300w, http:\/\/rozwadowska.pl\/szaraeminencja\/wp-content\/uploads\/2021\/12\/niebieski-150x150.jpg 150w, http:\/\/rozwadowska.pl\/szaraeminencja\/wp-content\/uploads\/2021\/12\/niebieski-400x400.jpg 400w\" sizes=\"(max-width: 476px) 100vw, 476px\" \/><\/figure><\/li><li class=\"blocks-gallery-item\"><figure><img decoding=\"async\" loading=\"lazy\" width=\"463\" height=\"463\" src=\"http:\/\/rozwadowska.pl\/szaraeminencja\/wp-content\/uploads\/2021\/12\/zolty.jpg\" alt=\"\" data-id=\"293\" data-full-url=\"http:\/\/rozwadowska.pl\/szaraeminencja\/wp-content\/uploads\/2021\/12\/zolty.jpg\" data-link=\"http:\/\/rozwadowska.pl\/szaraeminencja\/index.php\/miot-f3\/zolty\/\" class=\"wp-image-293\" srcset=\"http:\/\/rozwadowska.pl\/szaraeminencja\/wp-content\/uploads\/2021\/12\/zolty.jpg 463w, http:\/\/rozwadowska.pl\/szaraeminencja\/wp-content\/uploads\/2021\/12\/zolty-300x300.jpg 300w, http:\/\/rozwadowska.pl\/szaraeminencja\/wp-content\/uploads\/2021\/12\/zolty-150x150.jpg 150w, http:\/\/rozwadowska.pl\/szaraeminencja\/wp-content\/uploads\/2021\/12\/zolty-400x400.jpg 400w\" sizes=\"(max-width: 463px) 100vw, 463px\" \/><\/figure><\/li><li class=\"blocks-gallery-item\"><figure><img decoding=\"async\" loading=\"lazy\" width=\"418\" height=\"418\" src=\"http:\/\/rozwadowska.pl\/szaraeminencja\/wp-content\/uploads\/2021\/12\/zielony.jpg\" alt=\"\" data-id=\"294\" data-full-url=\"http:\/\/rozwadowska.pl\/szaraeminencja\/wp-content\/uploads\/2021\/12\/zielony.jpg\" data-link=\"http:\/\/rozwadowska.pl\/szaraeminencja\/index.php\/miot-f3\/zielony\/\" class=\"wp-image-294\" srcset=\"http:\/\/rozwadowska.pl\/szaraeminencja\/wp-content\/uploads\/2021\/12\/zielony.jpg 418w, http:\/\/rozwadowska.pl\/szaraeminencja\/wp-content\/uploads\/2021\/12\/zielony-300x300.jpg 300w, http:\/\/rozwadowska.pl\/szaraeminencja\/wp-content\/uploads\/2021\/12\/zielony-150x150.jpg 150w, http:\/\/rozwadowska.pl\/szaraeminencja\/wp-content\/uploads\/2021\/12\/zielony-400x400.jpg 400w\" sizes=\"(max-width: 418px) 100vw, 418px\" \/><\/figure><\/li><\/ul><\/figure>\n","protected":false},"excerpt":{"rendered":"<p>24.12.2021 r. przyszed\u0142 na \u015bwiat miot G3. Rodzicami s\u0105 Rey i Koda. W miocie G3 urodzi\u0142y si\u0119 3 kocurki (zielony, niebieski i \u017c\u00f3\u0142ty): kocurek &#8211; zarezerwowany dla Pana Tomka kocurek&hellip;<a href=\"http:\/\/rozwadowska.pl\/szaraeminencja\/index.php\/miot-f3\/\" class=\"more-link\"><span class=\"more-button\">Continue reading<span class=\"screen-reader-text\">MIOT G3<\/span><\/span><\/a><\/p>\n","protected":false},"author":1,"featured_media":0,"parent":0,"menu_order":0,"comment_status":"closed","ping_status":"closed","template":"","meta":{"footnotes":""},"_links":{"self":[{"href":"http:\/\/rozwadowska.pl\/szaraeminencja\/index.php\/wp-json\/wp\/v2\/pages\/253"}],"collection":[{"href":"http:\/\/rozwadowska.pl\/szaraeminencja\/index.php\/wp-json\/wp\/v2\/pages"}],"about":[{"href":"http:\/\/rozwadowska.pl\/szaraeminencja\/index.php\/wp-json\/wp\/v2\/types\/page"}],"author":[{"embeddable":true,"href":"http:\/\/rozwadowska.pl\/szaraeminencja\/index.php\/wp-json\/wp\/v2\/users\/1"}],"replies":[{"embeddable":true,"href":"http:\/\/rozwadowska.pl\/szaraeminencja\/index.php\/wp-json\/wp\/v2\/comments?post=253"}],"version-history":[{"count":9,"href":"http:\/\/rozwadowska.pl\/szaraeminencja\/index.php\/wp-json\/wp\/v2\/pages\/253\/revisions"}],"predecessor-version":[{"id":334,"href":"http:\/\/rozwadowska.pl\/szaraeminencja\/index.php\/wp-json\/wp\/v2\/pages\/253\/revisions\/334"}],"wp:attachment":[{"href":"http:\/\/rozwadowska.pl\/szaraeminencja\/index.php\/wp-json\/wp\/v2\/media?parent=253"}],"curies":[{"name":"wp","href":"https:\/\/api.w.org\/{rel}","templated":true}]}}