{"id":197,"date":"2021-04-07T14:27:43","date_gmt":"2021-04-07T14:27:43","guid":{"rendered":"http:\/\/rozwadowska.pl\/szaraeminencja\/?page_id=197"},"modified":"2021-04-07T15:08:52","modified_gmt":"2021-04-07T15:08:52","slug":"b3","status":"publish","type":"page","link":"http:\/\/rozwadowska.pl\/szaraeminencja\/index.php\/b3\/","title":{"rendered":"MIOT B3"},"content":{"rendered":"\n<p>9 lutego 2021 r. przyszed\u0142 na \u015bwiat miot B3 z po\u0142\u0105czenia naszych rezydent\u00f3w: Nidy i Kody Szarych Eminencji*PL.<br><\/p>\n\n\n\n<p><\/p>\n\n\n\n<figure class=\"wp-block-gallery columns-2 is-cropped wp-block-gallery-1 is-layout-flex wp-block-gallery-is-layout-flex\"><ul class=\"blocks-gallery-grid\"><li class=\"blocks-gallery-item\"><figure><img decoding=\"async\" loading=\"lazy\" width=\"270\" height=\"270\" src=\"http:\/\/rozwadowska.pl\/szaraeminencja\/wp-content\/uploads\/2021\/04\/Nida.png\" alt=\"\" data-id=\"158\" data-full-url=\"http:\/\/rozwadowska.pl\/szaraeminencja\/wp-content\/uploads\/2021\/04\/Nida.png\" data-link=\"http:\/\/rozwadowska.pl\/szaraeminencja\/index.php\/kotki\/nida-2\/\" class=\"wp-image-158\" srcset=\"http:\/\/rozwadowska.pl\/szaraeminencja\/wp-content\/uploads\/2021\/04\/Nida.png 270w, http:\/\/rozwadowska.pl\/szaraeminencja\/wp-content\/uploads\/2021\/04\/Nida-150x150.png 150w\" sizes=\"(max-width: 270px) 100vw, 270px\" \/><figcaption class=\"blocks-gallery-item__caption\">Nida Szara Eminencja*PL<\/figcaption><\/figure><\/li><li class=\"blocks-gallery-item\"><figure><img decoding=\"async\" loading=\"lazy\" width=\"1024\" height=\"1024\" src=\"http:\/\/rozwadowska.pl\/szaraeminencja\/wp-content\/uploads\/2021\/04\/Koda-1024x1024.jpg\" alt=\"\" data-id=\"175\" data-full-url=\"http:\/\/rozwadowska.pl\/szaraeminencja\/wp-content\/uploads\/2021\/04\/Koda.jpg\" data-link=\"http:\/\/rozwadowska.pl\/szaraeminencja\/index.php\/kocury\/koda\/\" class=\"wp-image-175\" srcset=\"http:\/\/rozwadowska.pl\/szaraeminencja\/wp-content\/uploads\/2021\/04\/Koda-1024x1024.jpg 1024w, http:\/\/rozwadowska.pl\/szaraeminencja\/wp-content\/uploads\/2021\/04\/Koda-300x300.jpg 300w, http:\/\/rozwadowska.pl\/szaraeminencja\/wp-content\/uploads\/2021\/04\/Koda-150x150.jpg 150w, http:\/\/rozwadowska.pl\/szaraeminencja\/wp-content\/uploads\/2021\/04\/Koda-768x767.jpg 768w, http:\/\/rozwadowska.pl\/szaraeminencja\/wp-content\/uploads\/2021\/04\/Koda-620x620.jpg 620w, http:\/\/rozwadowska.pl\/szaraeminencja\/wp-content\/uploads\/2021\/04\/Koda-1001x1000.jpg 1001w, http:\/\/rozwadowska.pl\/szaraeminencja\/wp-content\/uploads\/2021\/04\/Koda-600x600.jpg 600w, http:\/\/rozwadowska.pl\/szaraeminencja\/wp-content\/uploads\/2021\/04\/Koda-400x400.jpg 400w, http:\/\/rozwadowska.pl\/szaraeminencja\/wp-content\/uploads\/2021\/04\/Koda.jpg 1457w\" sizes=\"(max-width: 1024px) 100vw, 1024px\" \/><figcaption class=\"blocks-gallery-item__caption\">Koda Szara Eminencja*PL<\/figcaption><\/figure><\/li><\/ul><\/figure>\n\n\n\n<p><\/p>\n\n\n\n<p><\/p>\n\n\n\n<p>Rezerwacje:<br>kotka &#8211; dla Pana S\u0142awomira<br>kotka &#8211; dla Pana Paw\u0142a<br>kotka &#8211; dla Pani Anety<br>kocur &#8211; dla Pani Eli i Pana Augustyna<br>kocur &#8211; dla Pani Kasi<\/p>\n\n\n\n<figure class=\"wp-block-gallery columns-3 is-cropped wp-block-gallery-3 is-layout-flex wp-block-gallery-is-layout-flex\"><ul class=\"blocks-gallery-grid\"><li class=\"blocks-gallery-item\"><figure><img decoding=\"async\" loading=\"lazy\" width=\"559\" height=\"559\" src=\"http:\/\/rozwadowska.pl\/szaraeminencja\/wp-content\/uploads\/2021\/04\/zolty-B3.jpg\" alt=\"\" data-id=\"218\" data-full-url=\"http:\/\/rozwadowska.pl\/szaraeminencja\/wp-content\/uploads\/2021\/04\/zolty-B3.jpg\" data-link=\"http:\/\/rozwadowska.pl\/szaraeminencja\/index.php\/b3\/zolty-b3\/\" class=\"wp-image-218\" srcset=\"http:\/\/rozwadowska.pl\/szaraeminencja\/wp-content\/uploads\/2021\/04\/zolty-B3.jpg 559w, http:\/\/rozwadowska.pl\/szaraeminencja\/wp-content\/uploads\/2021\/04\/zolty-B3-300x300.jpg 300w, http:\/\/rozwadowska.pl\/szaraeminencja\/wp-content\/uploads\/2021\/04\/zolty-B3-150x150.jpg 150w, http:\/\/rozwadowska.pl\/szaraeminencja\/wp-content\/uploads\/2021\/04\/zolty-B3-400x400.jpg 400w\" sizes=\"(max-width: 559px) 100vw, 559px\" \/><figcaption class=\"blocks-gallery-item__caption\">\u017c\u00f3\u0142ty<\/figcaption><\/figure><\/li><li class=\"blocks-gallery-item\"><figure><img decoding=\"async\" loading=\"lazy\" width=\"734\" height=\"734\" src=\"http:\/\/rozwadowska.pl\/szaraeminencja\/wp-content\/uploads\/2021\/04\/zielony-B3.jpg\" alt=\"\" data-id=\"219\" data-full-url=\"http:\/\/rozwadowska.pl\/szaraeminencja\/wp-content\/uploads\/2021\/04\/zielony-B3.jpg\" data-link=\"http:\/\/rozwadowska.pl\/szaraeminencja\/index.php\/b3\/zielony-b3\/\" class=\"wp-image-219\" srcset=\"http:\/\/rozwadowska.pl\/szaraeminencja\/wp-content\/uploads\/2021\/04\/zielony-B3.jpg 734w, http:\/\/rozwadowska.pl\/szaraeminencja\/wp-content\/uploads\/2021\/04\/zielony-B3-300x300.jpg 300w, http:\/\/rozwadowska.pl\/szaraeminencja\/wp-content\/uploads\/2021\/04\/zielony-B3-150x150.jpg 150w, http:\/\/rozwadowska.pl\/szaraeminencja\/wp-content\/uploads\/2021\/04\/zielony-B3-620x620.jpg 620w, http:\/\/rozwadowska.pl\/szaraeminencja\/wp-content\/uploads\/2021\/04\/zielony-B3-600x600.jpg 600w, http:\/\/rozwadowska.pl\/szaraeminencja\/wp-content\/uploads\/2021\/04\/zielony-B3-400x400.jpg 400w\" sizes=\"(max-width: 734px) 100vw, 734px\" \/><figcaption class=\"blocks-gallery-item__caption\">zielony<\/figcaption><\/figure><\/li><li class=\"blocks-gallery-item\"><figure><img decoding=\"async\" loading=\"lazy\" width=\"860\" height=\"860\" src=\"http:\/\/rozwadowska.pl\/szaraeminencja\/wp-content\/uploads\/2021\/04\/roz-B3.jpg\" alt=\"\" data-id=\"220\" data-full-url=\"http:\/\/rozwadowska.pl\/szaraeminencja\/wp-content\/uploads\/2021\/04\/roz-B3.jpg\" data-link=\"http:\/\/rozwadowska.pl\/szaraeminencja\/index.php\/b3\/roz-b3\/\" class=\"wp-image-220\" srcset=\"http:\/\/rozwadowska.pl\/szaraeminencja\/wp-content\/uploads\/2021\/04\/roz-B3.jpg 860w, http:\/\/rozwadowska.pl\/szaraeminencja\/wp-content\/uploads\/2021\/04\/roz-B3-300x300.jpg 300w, http:\/\/rozwadowska.pl\/szaraeminencja\/wp-content\/uploads\/2021\/04\/roz-B3-150x150.jpg 150w, http:\/\/rozwadowska.pl\/szaraeminencja\/wp-content\/uploads\/2021\/04\/roz-B3-768x768.jpg 768w, http:\/\/rozwadowska.pl\/szaraeminencja\/wp-content\/uploads\/2021\/04\/roz-B3-620x620.jpg 620w, http:\/\/rozwadowska.pl\/szaraeminencja\/wp-content\/uploads\/2021\/04\/roz-B3-600x600.jpg 600w, http:\/\/rozwadowska.pl\/szaraeminencja\/wp-content\/uploads\/2021\/04\/roz-B3-400x400.jpg 400w\" sizes=\"(max-width: 860px) 100vw, 860px\" \/><figcaption class=\"blocks-gallery-item__caption\">r\u00f3\u017cowa<\/figcaption><\/figure><\/li><li class=\"blocks-gallery-item\"><figure><img decoding=\"async\" loading=\"lazy\" width=\"1008\" height=\"1007\" src=\"http:\/\/rozwadowska.pl\/szaraeminencja\/wp-content\/uploads\/2021\/04\/pomar-B3.jpg\" alt=\"\" data-id=\"221\" data-full-url=\"http:\/\/rozwadowska.pl\/szaraeminencja\/wp-content\/uploads\/2021\/04\/pomar-B3.jpg\" data-link=\"http:\/\/rozwadowska.pl\/szaraeminencja\/index.php\/b3\/pomar-b3\/\" class=\"wp-image-221\" srcset=\"http:\/\/rozwadowska.pl\/szaraeminencja\/wp-content\/uploads\/2021\/04\/pomar-B3.jpg 1008w, http:\/\/rozwadowska.pl\/szaraeminencja\/wp-content\/uploads\/2021\/04\/pomar-B3-300x300.jpg 300w, http:\/\/rozwadowska.pl\/szaraeminencja\/wp-content\/uploads\/2021\/04\/pomar-B3-150x150.jpg 150w, http:\/\/rozwadowska.pl\/szaraeminencja\/wp-content\/uploads\/2021\/04\/pomar-B3-768x767.jpg 768w, http:\/\/rozwadowska.pl\/szaraeminencja\/wp-content\/uploads\/2021\/04\/pomar-B3-621x620.jpg 621w, http:\/\/rozwadowska.pl\/szaraeminencja\/wp-content\/uploads\/2021\/04\/pomar-B3-1001x1000.jpg 1001w, http:\/\/rozwadowska.pl\/szaraeminencja\/wp-content\/uploads\/2021\/04\/pomar-B3-600x599.jpg 600w, http:\/\/rozwadowska.pl\/szaraeminencja\/wp-content\/uploads\/2021\/04\/pomar-B3-400x400.jpg 400w\" sizes=\"(max-width: 1008px) 100vw, 1008px\" \/><figcaption class=\"blocks-gallery-item__caption\">pomara\u0144czowy<\/figcaption><\/figure><\/li><li class=\"blocks-gallery-item\"><figure><img decoding=\"async\" loading=\"lazy\" width=\"647\" height=\"648\" src=\"http:\/\/rozwadowska.pl\/szaraeminencja\/wp-content\/uploads\/2021\/04\/fiolet-B3.jpg\" alt=\"\" data-id=\"222\" data-full-url=\"http:\/\/rozwadowska.pl\/szaraeminencja\/wp-content\/uploads\/2021\/04\/fiolet-B3.jpg\" data-link=\"http:\/\/rozwadowska.pl\/szaraeminencja\/index.php\/b3\/fiolet-b3\/\" class=\"wp-image-222\" srcset=\"http:\/\/rozwadowska.pl\/szaraeminencja\/wp-content\/uploads\/2021\/04\/fiolet-B3.jpg 647w, http:\/\/rozwadowska.pl\/szaraeminencja\/wp-content\/uploads\/2021\/04\/fiolet-B3-300x300.jpg 300w, http:\/\/rozwadowska.pl\/szaraeminencja\/wp-content\/uploads\/2021\/04\/fiolet-B3-150x150.jpg 150w, http:\/\/rozwadowska.pl\/szaraeminencja\/wp-content\/uploads\/2021\/04\/fiolet-B3-619x620.jpg 619w, http:\/\/rozwadowska.pl\/szaraeminencja\/wp-content\/uploads\/2021\/04\/fiolet-B3-600x601.jpg 600w, http:\/\/rozwadowska.pl\/szaraeminencja\/wp-content\/uploads\/2021\/04\/fiolet-B3-400x401.jpg 400w\" sizes=\"(max-width: 647px) 100vw, 647px\" \/><figcaption class=\"blocks-gallery-item__caption\">fioletowa<\/figcaption><\/figure><\/li><\/ul><\/figure>\n","protected":false},"excerpt":{"rendered":"<p>9 lutego 2021 r. przyszed\u0142 na \u015bwiat miot B3 z po\u0142\u0105czenia naszych rezydent\u00f3w: Nidy i Kody Szarych Eminencji*PL. Rezerwacje:kotka &#8211; dla Pana S\u0142awomirakotka &#8211; dla Pana Paw\u0142akotka &#8211; dla Pani&hellip;<a href=\"http:\/\/rozwadowska.pl\/szaraeminencja\/index.php\/b3\/\" class=\"more-link\"><span class=\"more-button\">Continue reading<span class=\"screen-reader-text\">MIOT B3<\/span><\/span><\/a><\/p>\n","protected":false},"author":1,"featured_media":0,"parent":0,"menu_order":0,"comment_status":"closed","ping_status":"closed","template":"","meta":{"footnotes":""},"_links":{"self":[{"href":"http:\/\/rozwadowska.pl\/szaraeminencja\/index.php\/wp-json\/wp\/v2\/pages\/197"}],"collection":[{"href":"http:\/\/rozwadowska.pl\/szaraeminencja\/index.php\/wp-json\/wp\/v2\/pages"}],"about":[{"href":"http:\/\/rozwadowska.pl\/szaraeminencja\/index.php\/wp-json\/wp\/v2\/types\/page"}],"author":[{"embeddable":true,"href":"http:\/\/rozwadowska.pl\/szaraeminencja\/index.php\/wp-json\/wp\/v2\/users\/1"}],"replies":[{"embeddable":true,"href":"http:\/\/rozwadowska.pl\/szaraeminencja\/index.php\/wp-json\/wp\/v2\/comments?post=197"}],"version-history":[{"count":4,"href":"http:\/\/rozwadowska.pl\/szaraeminencja\/index.php\/wp-json\/wp\/v2\/pages\/197\/revisions"}],"predecessor-version":[{"id":223,"href":"http:\/\/rozwadowska.pl\/szaraeminencja\/index.php\/wp-json\/wp\/v2\/pages\/197\/revisions\/223"}],"wp:attachment":[{"href":"http:\/\/rozwadowska.pl\/szaraeminencja\/index.php\/wp-json\/wp\/v2\/media?parent=197"}],"curies":[{"name":"wp","href":"https:\/\/api.w.org\/{rel}","templated":true}]}}