{"id":196,"date":"2021-04-07T14:27:43","date_gmt":"2021-04-07T14:27:43","guid":{"rendered":"http:\/\/rozwadowska.pl\/szaraeminencja\/?page_id=196"},"modified":"2021-04-07T14:43:25","modified_gmt":"2021-04-07T14:43:25","slug":"a3","status":"publish","type":"page","link":"http:\/\/rozwadowska.pl\/szaraeminencja\/index.php\/a3\/","title":{"rendered":"MIOT A3"},"content":{"rendered":"\n<p>13 listopada 2020 r. przyszed\u0142 na \u015bwiat miot A3 z po\u0142\u0105czenia naszych Rezydent\u00f3w <\/p>\n\n\n\n<div class=\"wp-block-group\"><div class=\"wp-block-group__inner-container is-layout-flow wp-block-group-is-layout-flow\">\n<figure class=\"wp-block-gallery columns-2 is-cropped wp-block-gallery-1 is-layout-flex wp-block-gallery-is-layout-flex\"><ul class=\"blocks-gallery-grid\"><li class=\"blocks-gallery-item\"><figure><img decoding=\"async\" loading=\"lazy\" width=\"1024\" height=\"1024\" src=\"http:\/\/rozwadowska.pl\/szaraeminencja\/wp-content\/uploads\/2021\/04\/m-1-1024x1024.jpg\" alt=\"\" data-id=\"210\" data-full-url=\"http:\/\/rozwadowska.pl\/szaraeminencja\/wp-content\/uploads\/2021\/04\/m-1.jpg\" data-link=\"http:\/\/rozwadowska.pl\/szaraeminencja\/index.php\/a3\/m-1\/\" class=\"wp-image-210\" srcset=\"http:\/\/rozwadowska.pl\/szaraeminencja\/wp-content\/uploads\/2021\/04\/m-1-1024x1024.jpg 1024w, http:\/\/rozwadowska.pl\/szaraeminencja\/wp-content\/uploads\/2021\/04\/m-1-300x300.jpg 300w, http:\/\/rozwadowska.pl\/szaraeminencja\/wp-content\/uploads\/2021\/04\/m-1-150x150.jpg 150w, http:\/\/rozwadowska.pl\/szaraeminencja\/wp-content\/uploads\/2021\/04\/m-1-768x768.jpg 768w, http:\/\/rozwadowska.pl\/szaraeminencja\/wp-content\/uploads\/2021\/04\/m-1-1536x1536.jpg 1536w, http:\/\/rozwadowska.pl\/szaraeminencja\/wp-content\/uploads\/2021\/04\/m-1-2048x2048.jpg 2048w, http:\/\/rozwadowska.pl\/szaraeminencja\/wp-content\/uploads\/2021\/04\/m-1-620x620.jpg 620w, http:\/\/rozwadowska.pl\/szaraeminencja\/wp-content\/uploads\/2021\/04\/m-1-1000x1000.jpg 1000w, http:\/\/rozwadowska.pl\/szaraeminencja\/wp-content\/uploads\/2021\/04\/m-1-600x600.jpg 600w, http:\/\/rozwadowska.pl\/szaraeminencja\/wp-content\/uploads\/2021\/04\/m-1-400x400.jpg 400w\" sizes=\"(max-width: 1024px) 100vw, 1024px\" \/><figcaption class=\"blocks-gallery-item__caption\"><em>Madame Szare Eminencje*PL<\/em><\/figcaption><\/figure><\/li><li class=\"blocks-gallery-item\"><figure><img decoding=\"async\" loading=\"lazy\" width=\"270\" height=\"270\" src=\"http:\/\/rozwadowska.pl\/szaraeminencja\/wp-content\/uploads\/2021\/04\/Misha.png\" alt=\"\" data-id=\"174\" data-full-url=\"http:\/\/rozwadowska.pl\/szaraeminencja\/wp-content\/uploads\/2021\/04\/Misha.png\" data-link=\"http:\/\/rozwadowska.pl\/szaraeminencja\/index.php\/kocury\/misha\/\" class=\"wp-image-174\" srcset=\"http:\/\/rozwadowska.pl\/szaraeminencja\/wp-content\/uploads\/2021\/04\/Misha.png 270w, http:\/\/rozwadowska.pl\/szaraeminencja\/wp-content\/uploads\/2021\/04\/Misha-150x150.png 150w\" sizes=\"(max-width: 270px) 100vw, 270px\" \/><figcaption class=\"blocks-gallery-item__caption\"><em>Misha<\/em> Szara Eminencja*PL<\/figcaption><\/figure><\/li><\/ul><\/figure>\n<\/div><\/div>\n\n\n\n<p>Rezerwacje:<br>kocur \u017c\u00f3\u0142ty (Ancymon) &#8211; zamieszka\u0142 z Pani\u0105 Martyn\u0105 w Poznaniu<br>kotka r\u00f3\u017cowa (Afera) &#8211; zamieszka z Pani\u0105 Ani\u0105 w Krakowie<br>kotka bia\u0142a (Atencja)- zamieszka\u0142a z Pani\u0105 Ew\u0105 i jej rodzin\u0105 oraz Jasirem we Wroc\u0142awiu<br>kotka zielona (Awantura) &#8211; zamieszka\u0142a u Pani Darii we Wroc\u0142awiu<br>kocur pomara\u0144czowy (Ananas) &#8211; zamieszka\u0142 z Pani\u0105 Helen\u0105 w Poznaniu<br>kocur fioletowy (Andrus)- zamieszka\u0142 z Pani\u0105 Ad\u0105 i jej rodzin\u0105<\/p>\n","protected":false},"excerpt":{"rendered":"<p>13 listopada 2020 r. przyszed\u0142 na \u015bwiat miot A3 z po\u0142\u0105czenia naszych Rezydent\u00f3w Rezerwacje:kocur \u017c\u00f3\u0142ty (Ancymon) &#8211; zamieszka\u0142 z Pani\u0105 Martyn\u0105 w Poznaniukotka r\u00f3\u017cowa (Afera) &#8211; zamieszka z Pani\u0105 Ani\u0105&hellip;<a href=\"http:\/\/rozwadowska.pl\/szaraeminencja\/index.php\/a3\/\" class=\"more-link\"><span class=\"more-button\">Continue reading<span class=\"screen-reader-text\">MIOT A3<\/span><\/span><\/a><\/p>\n","protected":false},"author":1,"featured_media":0,"parent":0,"menu_order":0,"comment_status":"closed","ping_status":"closed","template":"","meta":{"footnotes":""},"_links":{"self":[{"href":"http:\/\/rozwadowska.pl\/szaraeminencja\/index.php\/wp-json\/wp\/v2\/pages\/196"}],"collection":[{"href":"http:\/\/rozwadowska.pl\/szaraeminencja\/index.php\/wp-json\/wp\/v2\/pages"}],"about":[{"href":"http:\/\/rozwadowska.pl\/szaraeminencja\/index.php\/wp-json\/wp\/v2\/types\/page"}],"author":[{"embeddable":true,"href":"http:\/\/rozwadowska.pl\/szaraeminencja\/index.php\/wp-json\/wp\/v2\/users\/1"}],"replies":[{"embeddable":true,"href":"http:\/\/rozwadowska.pl\/szaraeminencja\/index.php\/wp-json\/wp\/v2\/comments?post=196"}],"version-history":[{"count":5,"href":"http:\/\/rozwadowska.pl\/szaraeminencja\/index.php\/wp-json\/wp\/v2\/pages\/196\/revisions"}],"predecessor-version":[{"id":216,"href":"http:\/\/rozwadowska.pl\/szaraeminencja\/index.php\/wp-json\/wp\/v2\/pages\/196\/revisions\/216"}],"wp:attachment":[{"href":"http:\/\/rozwadowska.pl\/szaraeminencja\/index.php\/wp-json\/wp\/v2\/media?parent=196"}],"curies":[{"name":"wp","href":"https:\/\/api.w.org\/{rel}","templated":true}]}}